{"id":116,"date":"2016-04-17T10:14:13","date_gmt":"2016-04-17T10:14:13","guid":{"rendered":"https:\/\/oceanwp.org\/travel\/?page_id=116"},"modified":"2022-05-09T13:08:44","modified_gmt":"2022-05-09T11:08:44","slug":"contact","status":"publish","type":"page","link":"https:\/\/gn-stat.org\/?page_id=116","title":{"rendered":"Contact"},"content":{"rendered":"\t\t<div data-elementor-type=\"wp-page\" data-elementor-id=\"116\" class=\"elementor elementor-116\" data-elementor-post-type=\"page\">\n\t\t\t\t\t\t<section class=\"elementor-section elementor-top-section elementor-element elementor-element-d1tumf8 elementor-section-boxed elementor-section-height-default elementor-section-height-default\" data-id=\"d1tumf8\" data-element_type=\"section\" data-e-type=\"section\">\n\t\t\t\t\t\t<div class=\"elementor-container elementor-column-gap-default\">\n\t\t\t\t\t<div class=\"elementor-column elementor-col-100 elementor-top-column elementor-element elementor-element-lw5v8sz\" data-id=\"lw5v8sz\" data-element_type=\"column\" data-e-type=\"column\">\n\t\t\t<div class=\"elementor-widget-wrap elementor-element-populated\">\n\t\t\t\t\t\t<div class=\"elementor-element elementor-element-6o2k9jc elementor-widget elementor-widget-heading\" data-id=\"6o2k9jc\" data-element_type=\"widget\" data-e-type=\"widget\" data-widget_type=\"heading.default\">\n\t\t\t\t<div class=\"elementor-widget-container\">\n\t\t\t\t\t<h2 class=\"elementor-heading-title elementor-size-default\">\nGLOBAL NET \u2013 STOP THE ARMS TRADE\n<\/h2>\t\t\t\t<\/div>\n\t\t\t\t<\/div>\n\t\t\t\t<div class=\"elementor-element elementor-element-c13f0f3 elementor-widget elementor-widget-text-editor\" data-id=\"c13f0f3\" data-element_type=\"widget\" data-e-type=\"widget\" data-widget_type=\"text-editor.default\">\n\t\t\t\t<div class=\"elementor-widget-container\">\n\t\t\t\t\t\t\t\t\t<section data-id=\"77570ac\" data-element_type=\"section\">\n<div>\n<div>\n<div data-id=\"8911a57\" data-element_type=\"column\">\n<div>\n<div>\n<div data-id=\"ab20453\" data-element_type=\"widget\" data-widget_type=\"text-editor.default\">\n<div>\n<p style=\"text-align: center;\">A joint project of the ArmsInformationCentre<\/p>\n<\/div>\n<\/div>\n<\/div>\n<\/div>\n<\/div>\n<\/div>\n<\/div>\n<\/section>\t\t\t\t\t\t\t\t<\/div>\n\t\t\t\t<\/div>\n\t\t\t\t\t<\/div>\n\t\t<\/div>\n\t\t\t\t\t<\/div>\n\t\t<\/section>\n\t\t\t\t<section class=\"elementor-section elementor-top-section elementor-element elementor-element-01654f2 elementor-section-boxed elementor-section-height-default elementor-section-height-default\" data-id=\"01654f2\" data-element_type=\"section\" data-e-type=\"section\">\n\t\t\t\t\t\t<div class=\"elementor-container elementor-column-gap-default\">\n\t\t\t\t\t<div class=\"elementor-column elementor-col-25 elementor-top-column elementor-element elementor-element-d17485b\" data-id=\"d17485b\" data-element_type=\"column\" data-e-type=\"column\">\n\t\t\t<div class=\"elementor-widget-wrap elementor-element-populated\">\n\t\t\t\t\t\t<div class=\"elementor-element elementor-element-e824e0e elementor-widget elementor-widget-google_maps\" data-id=\"e824e0e\" data-element_type=\"widget\" data-e-type=\"widget\" data-widget_type=\"google_maps.default\">\n\t\t\t\t<div class=\"elementor-widget-container\">\n\t\t\t\t\t\t\t<div class=\"elementor-custom-embed\">\n\t\t\t<iframe loading=\"lazy\"\n\t\t\t\t\tsrc=\"https:\/\/maps.google.com\/maps?q=R%C3%BCstungsInformationsB%C3%BCro%20St%C3%BChlingerstra%C3%9Fe%207%2C%2079106%20Freiburg%20im%20Breisgau%2C%20Deutschland&#038;t=m&#038;z=10&#038;output=embed&#038;iwloc=near\"\n\t\t\t\t\ttitle=\"R\u00fcstungsInformationsB\u00fcro St\u00fchlingerstra\u00dfe 7, 79106 Freiburg im Breisgau, Deutschland\"\n\t\t\t\t\taria-label=\"R\u00fcstungsInformationsB\u00fcro St\u00fchlingerstra\u00dfe 7, 79106 Freiburg im Breisgau, Deutschland\"\n\t\t\t><\/iframe>\n\t\t<\/div>\n\t\t\t\t\t\t<\/div>\n\t\t\t\t<\/div>\n\t\t\t\t<div class=\"elementor-element elementor-element-bb16753 elementor-widget elementor-widget-text-editor\" data-id=\"bb16753\" data-element_type=\"widget\" data-e-type=\"widget\" data-widget_type=\"text-editor.default\">\n\t\t\t\t<div class=\"elementor-widget-container\">\n\t\t\t\t\t\t\t\t\t<p><strong>R\u00fcstungsInformationsB\u00fcro Freiburg <\/strong><strong>Verwaltung, Bibliothek und Archiv<\/strong><\/p><p>St\u00fchlingerstra\u00dfe 7, <br \/>79106 Freiburg im Breisgau, <br \/>Deutschland<\/p><p>www.rib-ev.de<br \/>rib@rib-ev.de<\/p>\t\t\t\t\t\t\t\t<\/div>\n\t\t\t\t<\/div>\n\t\t\t\t\t<\/div>\n\t\t<\/div>\n\t\t\t\t<div class=\"elementor-column elementor-col-25 elementor-top-column elementor-element elementor-element-1cea89e\" data-id=\"1cea89e\" data-element_type=\"column\" data-e-type=\"column\">\n\t\t\t<div class=\"elementor-widget-wrap elementor-element-populated\">\n\t\t\t\t\t\t<div class=\"elementor-element elementor-element-bdada1e elementor-widget elementor-widget-google_maps\" data-id=\"bdada1e\" data-element_type=\"widget\" data-e-type=\"widget\" data-widget_type=\"google_maps.default\">\n\t\t\t\t<div class=\"elementor-widget-container\">\n\t\t\t\t\t\t\t<div class=\"elementor-custom-embed\">\n\t\t\t<iframe loading=\"lazy\"\n\t\t\t\t\tsrc=\"https:\/\/maps.google.com\/maps?q=R%C3%BCstungsInformationsB%C3%BCro%20Marienstra%C3%9Fe%2019-20%2C%2010117%20Berlin%2C%20Deutschland&#038;t=m&#038;z=10&#038;output=embed&#038;iwloc=near\"\n\t\t\t\t\ttitle=\"R\u00fcstungsInformationsB\u00fcro Marienstra\u00dfe 19-20, 10117 Berlin, Deutschland\"\n\t\t\t\t\taria-label=\"R\u00fcstungsInformationsB\u00fcro Marienstra\u00dfe 19-20, 10117 Berlin, Deutschland\"\n\t\t\t><\/iframe>\n\t\t<\/div>\n\t\t\t\t\t\t<\/div>\n\t\t\t\t<\/div>\n\t\t\t\t<div class=\"elementor-element elementor-element-5433e24 elementor-widget elementor-widget-text-editor\" data-id=\"5433e24\" data-element_type=\"widget\" data-e-type=\"widget\" data-widget_type=\"text-editor.default\">\n\t\t\t\t<div class=\"elementor-widget-container\">\n\t\t\t\t\t\t\t\t\t<div data-id=\"baa8560\" data-element_type=\"column\">\n\t\t\t<div>\n\t\t\t\t\t\t\t<div>\n\t\t\t\t\t\t<div data-id=\"37ca1e2\" data-element_type=\"widget\" data-widget_type=\"text-editor.default\">\n\t\t\t\t<div>\n\t\t\t\t\t<div><p><strong>R\u00fcstungsInformationsB\u00fcro Berlin<\/strong><\/p><p>Marienstra\u00dfe 19-20<br>10117 Berlin, Deutschland<\/p><p>www.rib-ev.de<br>rib@rib-ev.de<\/p><\/div>\n\t\t\t\t<\/div>\n\t\t\t\t<\/div>\n\t\t\t\t\t\t<\/div>\n\t\t\t\t\t<\/div>\n\t\t<\/div>\t\t\t\t\t\t\t\t<\/div>\n\t\t\t\t<\/div>\n\t\t\t\t\t<\/div>\n\t\t<\/div>\n\t\t\t\t<div class=\"elementor-column elementor-col-25 elementor-top-column elementor-element elementor-element-2c5bb6c\" data-id=\"2c5bb6c\" data-element_type=\"column\" data-e-type=\"column\">\n\t\t\t<div class=\"elementor-widget-wrap elementor-element-populated\">\n\t\t\t\t\t\t<div class=\"elementor-element elementor-element-0138cb9 elementor-widget elementor-widget-google_maps\" data-id=\"0138cb9\" data-element_type=\"widget\" data-e-type=\"widget\" data-widget_type=\"google_maps.default\">\n\t\t\t\t<div class=\"elementor-widget-container\">\n\t\t\t\t\t\t\t<div class=\"elementor-custom-embed\">\n\t\t\t<iframe loading=\"lazy\"\n\t\t\t\t\tsrc=\"https:\/\/maps.google.com\/maps?q=R%C3%BCstungsInformationsB%C3%BCro%20Lederergasse%2023%2C%201080%20Wien%2C%20%C3%96sterreich&#038;t=m&#038;z=10&#038;output=embed&#038;iwloc=near\"\n\t\t\t\t\ttitle=\"R\u00fcstungsInformationsB\u00fcro Lederergasse 23, 1080 Wien, \u00d6sterreich\"\n\t\t\t\t\taria-label=\"R\u00fcstungsInformationsB\u00fcro Lederergasse 23, 1080 Wien, \u00d6sterreich\"\n\t\t\t><\/iframe>\n\t\t<\/div>\n\t\t\t\t\t\t<\/div>\n\t\t\t\t<\/div>\n\t\t\t\t<div class=\"elementor-element elementor-element-a95a691 elementor-widget elementor-widget-text-editor\" data-id=\"a95a691\" data-element_type=\"widget\" data-e-type=\"widget\" data-widget_type=\"text-editor.default\">\n\t\t\t\t<div class=\"elementor-widget-container\">\n\t\t\t\t\t\t\t\t\t<div data-id=\"4e23aef\" data-element_type=\"column\">\n\t\t\t<div>\n\t\t\t\t\t\t\t<div>\n\t\t\t\t\t\t<div data-id=\"188ba72\" data-element_type=\"widget\" data-widget_type=\"text-editor.default\">\n\t\t\t\t<div>\n\t\t\t\t\t<div><p><strong>R\u00fcstungsInformationsB\u00fcro \u00d6sterreich<\/strong><br><br>Lederergasse 23\/3\/27<br>1080 Wien<br>\u00d6sterreich<\/p><p>www.rib-ev.at<br>Kanzlei@rib-ev.at<\/p><\/div>\n\t\t\t\t<\/div>\n\t\t\t\t<\/div>\n\t\t\t\t\t\t<\/div>\n\t\t\t\t\t<\/div>\n\t\t<\/div>\t\t\t\t\t\t\t\t<\/div>\n\t\t\t\t<\/div>\n\t\t\t\t\t<\/div>\n\t\t<\/div>\n\t\t\t\t<div class=\"elementor-column elementor-col-25 elementor-top-column elementor-element elementor-element-1534dae\" data-id=\"1534dae\" data-element_type=\"column\" data-e-type=\"column\">\n\t\t\t<div class=\"elementor-widget-wrap elementor-element-populated\">\n\t\t\t\t\t\t<div class=\"elementor-element elementor-element-80aac06 elementor-widget elementor-widget-google_maps\" data-id=\"80aac06\" data-element_type=\"widget\" data-e-type=\"widget\" data-widget_type=\"google_maps.default\">\n\t\t\t\t<div class=\"elementor-widget-container\">\n\t\t\t\t\t\t\t<div class=\"elementor-custom-embed\">\n\t\t\t<iframe loading=\"lazy\"\n\t\t\t\t\tsrc=\"https:\/\/maps.google.com\/maps?q=Centre%20d%27Information%20sur%20l%27ArmementRue%20des%20Savoises%2015%2C%201205%20Gen%C3%A8ve%2C%20Schweiz&#038;t=m&#038;z=10&#038;output=embed&#038;iwloc=near\"\n\t\t\t\t\ttitle=\"Centre d&#039;Information sur l&#039;ArmementRue des Savoises 15, 1205 Gen\u00e8ve, Schweiz\"\n\t\t\t\t\taria-label=\"Centre d&#039;Information sur l&#039;ArmementRue des Savoises 15, 1205 Gen\u00e8ve, Schweiz\"\n\t\t\t><\/iframe>\n\t\t<\/div>\n\t\t\t\t\t\t<\/div>\n\t\t\t\t<\/div>\n\t\t\t\t<div class=\"elementor-element elementor-element-a475add elementor-widget elementor-widget-text-editor\" data-id=\"a475add\" data-element_type=\"widget\" data-e-type=\"widget\" data-widget_type=\"text-editor.default\">\n\t\t\t\t<div class=\"elementor-widget-container\">\n\t\t\t\t\t\t\t\t\t<div data-id=\"87b2752\" data-element_type=\"column\"><div><div><div data-id=\"f8f2b0f\" data-element_type=\"widget\" data-widget_type=\"text-editor.default\"><div><div><p><strong>R\u00fcstungsInformationsB\u00fcro Genf Centre d\u2019Information sur l\u2019Armament<\/strong><\/p><p>Rue de Savoises 15<br \/>1205 Genev\u00e9 <br \/>Switzerland<\/p><p>www.rib-ev.ch<br \/>rib@rib-ev.ch<\/p><\/div><\/div><\/div><\/div><\/div><\/div>\t\t\t\t\t\t\t\t<\/div>\n\t\t\t\t<\/div>\n\t\t\t\t\t<\/div>\n\t\t<\/div>\n\t\t\t\t\t<\/div>\n\t\t<\/section>\n\t\t\t\t<\/div>\n\t\t","protected":false},"excerpt":{"rendered":"<p>GLOBAL NET \u2013 STOP THE ARMS TRADE A joint project of the ArmsInformationCentre R\u00fcstungsInformationsB\u00fcro Freiburg Verwaltung, Bibliothek und Archiv St\u00fchlingerstra\u00dfe 7, 79106 Freiburg im Breisgau, Deutschland www.rib-ev.derib@rib-ev.de R\u00fcstungsInformationsB\u00fcro Berlin Marienstra\u00dfe 19-2010117 Berlin, Deutschland www.rib-ev.derib@rib-ev.de R\u00fcstungsInformationsB\u00fcro \u00d6sterreich Lederergasse 23\/3\/271080 Wien\u00d6sterreich www.rib-ev.atKanzlei@rib-ev.at R\u00fcstungsInformationsB\u00fcro Genf Centre d\u2019Information sur l\u2019Armament Rue de Savoises 151205 Genev\u00e9 Switzerland www.rib-ev.chrib@rib-ev.ch<\/p>\n","protected":false},"author":2,"featured_media":0,"parent":0,"menu_order":0,"comment_status":"closed","ping_status":"closed","template":"","meta":{"ocean_post_layout":"full-width","ocean_both_sidebars_style":"","ocean_both_sidebars_content_width":0,"ocean_both_sidebars_sidebars_width":0,"ocean_sidebar":"","ocean_second_sidebar":"","ocean_disable_margins":"enable","ocean_add_body_class":"","ocean_shortcode_before_top_bar":"","ocean_shortcode_after_top_bar":"","ocean_shortcode_before_header":"","ocean_shortcode_after_header":"","ocean_has_shortcode":"","ocean_shortcode_after_title":"","ocean_shortcode_before_footer_widgets":"","ocean_shortcode_after_footer_widgets":"","ocean_shortcode_before_footer_bottom":"","ocean_shortcode_after_footer_bottom":"","ocean_display_top_bar":"default","ocean_display_header":"default","ocean_header_style":"","ocean_center_header_left_menu":"","ocean_custom_header_template":"","ocean_custom_logo":0,"ocean_custom_retina_logo":0,"ocean_custom_logo_max_width":0,"ocean_custom_logo_tablet_max_width":0,"ocean_custom_logo_mobile_max_width":0,"ocean_custom_logo_max_height":0,"ocean_custom_logo_tablet_max_height":0,"ocean_custom_logo_mobile_max_height":0,"ocean_header_custom_menu":"","ocean_menu_typo_font_family":"","ocean_menu_typo_font_subset":"","ocean_menu_typo_font_size":0,"ocean_menu_typo_font_size_tablet":0,"ocean_menu_typo_font_size_mobile":0,"ocean_menu_typo_font_size_unit":"px","ocean_menu_typo_font_weight":"","ocean_menu_typo_font_weight_tablet":"","ocean_menu_typo_font_weight_mobile":"","ocean_menu_typo_transform":"","ocean_menu_typo_transform_tablet":"","ocean_menu_typo_transform_mobile":"","ocean_menu_typo_line_height":0,"ocean_menu_typo_line_height_tablet":0,"ocean_menu_typo_line_height_mobile":0,"ocean_menu_typo_line_height_unit":"","ocean_menu_typo_spacing":0,"ocean_menu_typo_spacing_tablet":0,"ocean_menu_typo_spacing_mobile":0,"ocean_menu_typo_spacing_unit":"","ocean_menu_link_color":"","ocean_menu_link_color_hover":"","ocean_menu_link_color_active":"","ocean_menu_link_background":"","ocean_menu_link_hover_background":"","ocean_menu_link_active_background":"","ocean_menu_social_links_bg":"","ocean_menu_social_hover_links_bg":"","ocean_menu_social_links_color":"","ocean_menu_social_hover_links_color":"","ocean_disable_title":"default","ocean_disable_heading":"default","ocean_post_title":"","ocean_post_subheading":"","ocean_post_title_style":"","ocean_post_title_background_color":"","ocean_post_title_background":0,"ocean_post_title_bg_image_position":"","ocean_post_title_bg_image_attachment":"","ocean_post_title_bg_image_repeat":"","ocean_post_title_bg_image_size":"","ocean_post_title_height":0,"ocean_post_title_bg_overlay":0.5,"ocean_post_title_bg_overlay_color":"","ocean_disable_breadcrumbs":"default","ocean_breadcrumbs_color":"","ocean_breadcrumbs_separator_color":"","ocean_breadcrumbs_links_color":"","ocean_breadcrumbs_links_hover_color":"","ocean_display_footer_widgets":"default","ocean_display_footer_bottom":"default","ocean_custom_footer_template":"","ofc_meta_disable_footer_callout":"","ofc_meta_callout_button_url":"","ofc_meta_callout_button_txt":"","ofc_meta_callout_text":"","osh_disable_topbar_sticky":"default","osh_disable_header_sticky":"default","osh_sticky_header_style":"default","osh_sticky_header_effect":"","osh_custom_sticky_logo":0,"osh_custom_retina_sticky_logo":0,"osh_custom_sticky_logo_height":0,"osh_background_color":"","osh_links_color":"","osh_links_hover_color":"","osh_links_active_color":"","osh_links_bg_color":"","osh_links_hover_bg_color":"","osh_links_active_bg_color":"","osh_menu_social_links_color":"","osh_menu_social_hover_links_color":"","footnotes":""},"class_list":["post-116","page","type-page","status-publish","hentry","entry"],"_links":{"self":[{"href":"https:\/\/gn-stat.org\/index.php?rest_route=\/wp\/v2\/pages\/116","targetHints":{"allow":["GET"]}}],"collection":[{"href":"https:\/\/gn-stat.org\/index.php?rest_route=\/wp\/v2\/pages"}],"about":[{"href":"https:\/\/gn-stat.org\/index.php?rest_route=\/wp\/v2\/types\/page"}],"author":[{"embeddable":true,"href":"https:\/\/gn-stat.org\/index.php?rest_route=\/wp\/v2\/users\/2"}],"replies":[{"embeddable":true,"href":"https:\/\/gn-stat.org\/index.php?rest_route=%2Fwp%2Fv2%2Fcomments&post=116"}],"version-history":[{"count":6,"href":"https:\/\/gn-stat.org\/index.php?rest_route=\/wp\/v2\/pages\/116\/revisions"}],"predecessor-version":[{"id":3625,"href":"https:\/\/gn-stat.org\/index.php?rest_route=\/wp\/v2\/pages\/116\/revisions\/3625"}],"wp:attachment":[{"href":"https:\/\/gn-stat.org\/index.php?rest_route=%2Fwp%2Fv2%2Fmedia&parent=116"}],"curies":[{"name":"wp","href":"https:\/\/api.w.org\/{rel}","templated":true}]}}